{"id":2,"date":"2015-08-17T20:33:50","date_gmt":"2015-08-17T20:33:50","guid":{"rendered":"http:\/\/www.climbtools.com\/wordpress\/?page_id=2"},"modified":"2015-08-17T20:33:50","modified_gmt":"2015-08-17T20:33:50","slug":"pagina-ejemplo","status":"publish","type":"page","link":"https:\/\/www.climbtools.com\/wordpress\/pagina-ejemplo\/","title":{"rendered":"P\u00e1gina de ejemplo"},"content":{"rendered":"<p>Esta es una p\u00e1gina de ejemplo, Es diferente a una entrada de un blog porque se mantiene est\u00e1tica y, en la mayor\u00eda de temas, se mostrar\u00e1 en la barra de navegaci\u00f3n. Casi todo el mundo comienza con una p\u00e1gina Sobre m\u00ed para presentarse a los potenciales visitantes. Puede decir algo as\u00ed:<\/p>\n<blockquote><p>\u00a1Hola!: Soy f\u00edsico durante el d\u00eda, lector de manga por las noches y este es mi blog. Vivo en Albacete y tengo un gato llamado Alex. Me encantan los mojitos (y mirar a la gente corriendo en los parques)<\/p><\/blockquote>\n<p>O algo as\u00ed:<\/p>\n<blockquote><p>La empresa Calcetines XYC se fund\u00f3 en 1973, y ha estado produciendo calcetines de calidad para sus clientes desde entonces. Se encuentra en Vetusta, tiene unos 2.000 empleados e intenta ayudar en lo que puede para mejorar la vida en Vestusta<\/p><\/blockquote>\n<p>Deber\u00edas ir a <a href=\"http:\/\/www.climbtools.com\/wordpress\/wp-admin\/\">tu escritorio<\/a>, borrar esta p\u00e1gina y crear algunas nuevas con tu contenido. \u00a1A divertirse!<\/p>\n","protected":false},"excerpt":{"rendered":"<p>Esta es una p\u00e1gina de ejemplo, Es diferente a una entrada de un blog porque se mantiene est\u00e1tica y, en la mayor\u00eda de temas, se mostrar\u00e1 en la barra de navegaci\u00f3n. Casi todo el mundo comienza con una p\u00e1gina Sobre m\u00ed para presentarse a los potenciales visitantes. Puede decir algo as\u00ed: \u00a1Hola!: Soy f\u00edsico durante [&hellip;]<\/p>\n","protected":false},"author":1,"featured_media":0,"parent":0,"menu_order":0,"comment_status":"open","ping_status":"open","template":"","meta":[],"_links":{"self":[{"href":"https:\/\/www.climbtools.com\/wordpress\/wp-json\/wp\/v2\/pages\/2"}],"collection":[{"href":"https:\/\/www.climbtools.com\/wordpress\/wp-json\/wp\/v2\/pages"}],"about":[{"href":"https:\/\/www.climbtools.com\/wordpress\/wp-json\/wp\/v2\/types\/page"}],"author":[{"embeddable":true,"href":"https:\/\/www.climbtools.com\/wordpress\/wp-json\/wp\/v2\/users\/1"}],"replies":[{"embeddable":true,"href":"https:\/\/www.climbtools.com\/wordpress\/wp-json\/wp\/v2\/comments?post=2"}],"version-history":[{"count":0,"href":"https:\/\/www.climbtools.com\/wordpress\/wp-json\/wp\/v2\/pages\/2\/revisions"}],"wp:attachment":[{"href":"https:\/\/www.climbtools.com\/wordpress\/wp-json\/wp\/v2\/media?parent=2"}],"curies":[{"name":"wp","href":"https:\/\/api.w.org\/{rel}","templated":true}]}}